{"id":84,"date":"2010-01-01T12:00:51","date_gmt":"2010-01-01T11:00:51","guid":{"rendered":"http:\/\/sylvestre.net\/brtc\/brtc\/?page_id=84"},"modified":"2018-08-22T21:16:41","modified_gmt":"2018-08-22T19:16:41","slug":"challenge-2010","status":"publish","type":"page","link":"https:\/\/sylvestre.net\/brtc\/index.php\/challenge-2010\/","title":{"rendered":"Challenge 2010"},"content":{"rendered":"<p><img loading=\"lazy\" decoding=\"async\" class=\"alignnone size-full wp-image-78\" alt=\"challenge 2010\" src=\"https:\/\/sylvestre.net\/brtc\/wp-content\/uploads\/2013\/05\/sct_5F00_2010.jpg\" width=\"600\" height=\"190\" \/><\/p>\n<p>Salut \u00e0 tous,<\/p>\n<p>En 2010, le BRTC int\u00e8grera dans son challenge interne, en plus de la cat\u00e9gorie &#8220;tout admis&#8221; similaire au BOT, une cat\u00e9gorie r\u00e9serv\u00e9e aux SCT stock.<\/p>\n<p>Les courses compteront 3 qualifications sur 5 tours et 3 finales de 10 minutes.<\/p>\n<p>Nous esp\u00e8rons qu&#8217;un grand nombre de pilotes nous rejoindrons pour lancer cette cat\u00e9gorie low-cost et spectaculaire.<\/p>\n<p>Le r\u00e8glement peut \u00eatre consult\u00e9 <a href=\"https:\/\/sylvestre.net\/brtc\/wp-content\/uploads\/cs\/docs\/SCT2010.docx\" target=\"_blank\">ici<\/a>.<\/p>\n<p>Voici le calendrier initial du challenge, il peut changer en cours d&#8217;ann\u00e9e, merci de consulter celui sur la page d&#8217;acceuil.<\/p>\n<p>25\/04 Challenge 1 &#8211; Classements: <a href=\"https:\/\/sylvestre.net\/brtc\/wp-content\/uploads\/cs\/docs\/25042010_984342\/OPEN\/index.html\" target=\"_blank\">Open<\/a> &#8211; <a href=\"https:\/\/sylvestre.net\/brtc\/wp-content\/uploads\/cs\/docs\/25042010_984342\/SCT\/index.html\" target=\"_blank\">SCT<\/a><\/p>\n<p>16\/05 Challenge 2 &#8211; Classements: <a href=\"https:\/\/sylvestre.net\/brtc\/wp-content\/uploads\/cs\/docs\/20100516_697754\/OPEN\/index.html\" target=\"_blank\">Open<\/a> &#8211; <a href=\"https:\/\/sylvestre.net\/brtc\/wp-content\/uploads\/cs\/docs\/20100516_697754\/SCT\/index.html\" target=\"_blank\">SCT<\/a><\/p>\n<p>20\/06 Challenge 3 &#8211; Classements: <a href=\"https:\/\/sylvestre.net\/brtc\/wp-content\/uploads\/cs\/docs\/20100620_106921\/OPEN\/index.html\" target=\"_blank\">Open<\/a> &#8211; <a href=\"https:\/\/sylvestre.net\/brtc\/wp-content\/uploads\/cs\/docs\/20100620_106921\/SCT\/index.html\" target=\"_blank\">SCT<\/a><\/p>\n<p>11\/07 Challenge 4 &#8211; Annul\u00e9e<\/p>\n<p>22\/08 Challenge 5 &#8211; Classements: <a href=\"https:\/\/sylvestre.net\/brtc\/wp-content\/uploads\/cs\/docs\/20100822_670535\/COMBIFULL\/index.html\" target=\"_blank\">Open<\/a> &#8211; Pas d&#8217;inscrit en SCT<\/p>\n<p>Classements du challenge: <a href=\"https:\/\/sylvestre.net\/brtc\/wp-content\/uploads\/cs\/docs\/CHAMPIONSHIP\/2010\/OPEN\/Championship_25082010.html\" target=\"_blank\">Open<\/a> &#8211; <a href=\"https:\/\/sylvestre.net\/brtc\/wp-content\/uploads\/cs\/docs\/CHAMPIONSHIP\/2010\/SCT\/Championship_24082010.html\" target=\"_blank\">SCT<\/a><\/p>\n<p>A bient\u00f4t au BRTC.<\/p>\n","protected":false},"excerpt":{"rendered":"<p>Salut \u00e0 tous, En 2010, le BRTC int\u00e8grera dans son challenge interne, en plus de la cat\u00e9gorie &#8220;tout admis&#8221; similaire<\/p>\n","protected":false},"author":1,"featured_media":0,"parent":0,"menu_order":0,"comment_status":"open","ping_status":"closed","template":"","meta":{"ngg_post_thumbnail":0,"footnotes":""},"class_list":["post-84","page","type-page","status-publish","hentry"],"_links":{"self":[{"href":"https:\/\/sylvestre.net\/brtc\/index.php\/wp-json\/wp\/v2\/pages\/84","targetHints":{"allow":["GET"]}}],"collection":[{"href":"https:\/\/sylvestre.net\/brtc\/index.php\/wp-json\/wp\/v2\/pages"}],"about":[{"href":"https:\/\/sylvestre.net\/brtc\/index.php\/wp-json\/wp\/v2\/types\/page"}],"author":[{"embeddable":true,"href":"https:\/\/sylvestre.net\/brtc\/index.php\/wp-json\/wp\/v2\/users\/1"}],"replies":[{"embeddable":true,"href":"https:\/\/sylvestre.net\/brtc\/index.php\/wp-json\/wp\/v2\/comments?post=84"}],"version-history":[{"count":0,"href":"https:\/\/sylvestre.net\/brtc\/index.php\/wp-json\/wp\/v2\/pages\/84\/revisions"}],"wp:attachment":[{"href":"https:\/\/sylvestre.net\/brtc\/index.php\/wp-json\/wp\/v2\/media?parent=84"}],"curies":[{"name":"wp","href":"https:\/\/api.w.org\/{rel}","templated":true}]}}