{"id":81,"date":"2011-01-01T12:00:03","date_gmt":"2011-01-01T11:00:03","guid":{"rendered":"http:\/\/sylvestre.net\/brtc\/brtc\/?page_id=81"},"modified":"2018-08-22T21:16:44","modified_gmt":"2018-08-22T19:16:44","slug":"challenge-2011","status":"publish","type":"page","link":"https:\/\/sylvestre.net\/brtc\/index.php\/challenge-2011\/","title":{"rendered":"Challenge 2011"},"content":{"rendered":"<p><img loading=\"lazy\" decoding=\"async\" class=\"alignnone size-full wp-image-76\" alt=\"Challenge 2011\" src=\"https:\/\/sylvestre.net\/brtc\/wp-content\/uploads\/2013\/05\/challenge-2011.jpg\" width=\"600\" height=\"190\" \/><\/p>\n<p>En 2011, le BRTC reconduit son challenge interne avec 2 cat\u00e9gories distinctes.<\/p>\n<h3>Open<\/h3>\n<p>Ouverte \u00e0 tous les v\u00e9hicules, 3 qualifications de 5 minutes et 3 finales de 15 minutes pour tout le monde.<\/p>\n<h3>SCT<\/h3>\n<p>Ouverte aux v\u00e9hicules respectant notre r\u00e8glement SCT, 3 qualifications sur 5 tours et 3 finales de 10 minutes. Le r\u00e8glement peut \u00eatre consult\u00e9\u00a0<a href=\"https:\/\/sylvestre.net\/brtc\/wp-content\/uploads\/cs\/docs\/SCT2011.docx\" target=\"_blank\">ici<\/a>.<\/p>\n<p>Voici le calendrier initial du challenge, il peut changer en cours d&#8217;ann\u00e9e, merci de consulter celui sur la page d&#8217;acceuil.<\/p>\n<p>24\/04 Challenge 1 &#8211; ANNULE<\/p>\n<p>29\/05 Challenge 2 &#8211; Classements: <a href=\"https:\/\/sylvestre.net\/brtc\/wp-content\/uploads\/cs\/docs\/20110529_549837\/OPEN\/index.html\" target=\"_blank\">Open<\/a> &#8211; <a href=\"https:\/\/sylvestre.net\/brtc\/wp-content\/uploads\/cs\/docs\/20110529_549837\/SCT\/index.html\" target=\"_blank\">SCT<\/a><\/p>\n<p>26\/06 Challenge 3 &#8211; Classements: <a href=\"https:\/\/sylvestre.net\/brtc\/wp-content\/uploads\/cs\/docs\/20110621_638457\/OPEN\/index.html\" target=\"_blank\">Open<\/a> &#8211; <a href=\"https:\/\/sylvestre.net\/brtc\/wp-content\/uploads\/cs\/docs\/20110621_638457\/SCT\/index.html\" target=\"_blank\">SCT<\/a><\/p>\n<p>28\/08 Challenge 4 &#8211; Classements: <a href=\"https:\/\/sylvestre.net\/brtc\/Reports\/20110828_624705\/OPEN\" target=\"_blank\">Open<\/a> &#8211; <a href=\"https:\/\/sylvestre.net\/brtc\/Reports\/20110828_624705\/SCT\" target=\"_blank\">SCT<\/a><\/p>\n<p>25\/09 Challenge 5 &#8211; Classements: <a href=\"https:\/\/sylvestre.net\/brtc\/Reports\/20110925_231032\/OPEN\/index.html\" target=\"_blank\">Open<\/a> &#8211; <a href=\"https:\/\/sylvestre.net\/brtc\/Reports\/20110925_231032\/SCT\/index.html\" target=\"_blank\">SCT<\/a><\/p>\n<p>Classement g\u00e9n\u00e9ral: <a href=\"https:\/\/sylvestre.net\/brtc\/wp-content\/uploads\/cs\/docs\/CHAMPIONSHIP\/2011\/Challenge%20BRTC%202011%20Open.pdf\" target=\"_blank\">Open<\/a> &#8211; <a href=\"https:\/\/sylvestre.net\/brtc\/wp-content\/uploads\/cs\/docs\/CHAMPIONSHIP\/2011\/Challenge%20BRTC%202011%20SCT.pdf\" target=\"_blank\">SCT<\/a><\/p>\n<p>A bient\u00f4t au BRTC.<\/p>\n","protected":false},"excerpt":{"rendered":"<p>En 2011, le BRTC reconduit son challenge interne avec 2 cat\u00e9gories distinctes. Open Ouverte \u00e0 tous les v\u00e9hicules, 3 qualifications<\/p>\n","protected":false},"author":1,"featured_media":0,"parent":0,"menu_order":0,"comment_status":"open","ping_status":"closed","template":"","meta":{"ngg_post_thumbnail":0,"footnotes":""},"class_list":["post-81","page","type-page","status-publish","hentry"],"_links":{"self":[{"href":"https:\/\/sylvestre.net\/brtc\/index.php\/wp-json\/wp\/v2\/pages\/81","targetHints":{"allow":["GET"]}}],"collection":[{"href":"https:\/\/sylvestre.net\/brtc\/index.php\/wp-json\/wp\/v2\/pages"}],"about":[{"href":"https:\/\/sylvestre.net\/brtc\/index.php\/wp-json\/wp\/v2\/types\/page"}],"author":[{"embeddable":true,"href":"https:\/\/sylvestre.net\/brtc\/index.php\/wp-json\/wp\/v2\/users\/1"}],"replies":[{"embeddable":true,"href":"https:\/\/sylvestre.net\/brtc\/index.php\/wp-json\/wp\/v2\/comments?post=81"}],"version-history":[{"count":0,"href":"https:\/\/sylvestre.net\/brtc\/index.php\/wp-json\/wp\/v2\/pages\/81\/revisions"}],"wp:attachment":[{"href":"https:\/\/sylvestre.net\/brtc\/index.php\/wp-json\/wp\/v2\/media?parent=81"}],"curies":[{"name":"wp","href":"https:\/\/api.w.org\/{rel}","templated":true}]}}