{"id":79,"date":"2012-01-01T12:00:45","date_gmt":"2012-01-01T11:00:45","guid":{"rendered":"http:\/\/sylvestre.net\/brtc\/brtc\/?page_id=79"},"modified":"2018-08-22T21:16:53","modified_gmt":"2018-08-22T19:16:53","slug":"challenge-2012","status":"publish","type":"page","link":"https:\/\/sylvestre.net\/brtc\/index.php\/challenge-2012\/","title":{"rendered":"Challenge 2012"},"content":{"rendered":"<p><img loading=\"lazy\" decoding=\"async\" class=\"alignnone size-full wp-image-77\" alt=\"Challenge 2012\" src=\"https:\/\/sylvestre.net\/brtc\/wp-content\/uploads\/2013\/05\/challenge-2012.jpg\" width=\"600\" height=\"190\" \/><\/p>\n<p>En 2012, le BRTC reconduit son challenge interne avec 3 cat\u00e9gories distinctes.<\/p>\n<p>Le challenge est limit\u00e9 \u00e0 6\u00a0s\u00e9ries, ouvertes dans l&#8217;ordre des inscriptions.<\/p>\n<h3>Open<\/h3>\n<p>Ouverte \u00e0 tous les v\u00e9hicules, 3 qualifications de 5 minutes et 3 finales de 15 minutes pour tout le monde.<\/p>\n<h3>SCT 2WD<\/h3>\n<p>Ouverte aux v\u00e9hicules respectant le r\u00e8glement de la Belgian SCT Cup, consultable <a href=\"http:\/\/belgiansctcup.be\/\" target=\"_blank\">ici<\/a>, \u00e0 l&#8217;exception de:<\/p>\n<div class=\"tick\">\n<ul>\n<li>moteur limit\u00e9 \u00e0 10.5<\/li>\n<li>d\u00e9part des finales en grille<\/li>\n<\/ul>\n<\/div>\n<h3>SCT 4WD<\/h3>\n<p>Ouverte aux v\u00e9hicules respectant le r\u00e8glement de la Belgian SCT Cup, consultable <a href=\"http:\/\/belgiansctcup.be\/\" target=\"_blank\">ici<\/a>, \u00e0 l&#8217;exception de:<\/p>\n<div class=\"tick\">\n<ul>\n<li>d\u00e9part des finales en grille<\/li>\n<\/ul>\n<\/div>\n<h3>Calendrier<\/h3>\n<p>Voici le calendrier initial du challenge, il peut changer en cours d&#8217;ann\u00e9e, merci de consulter celui sur la page d&#8217;acceuil.<\/p>\n<p>25\/03 Challenge 1 &#8211; Report\u00e9<\/p>\n<p>22\/04 Challenge 2<\/p>\n<p>17\/06 Challenge 1<\/p>\n<p>19\/08 Challenge 3<\/p>\n<p>23\/09 Challenge 4<\/p>\n","protected":false},"excerpt":{"rendered":"<p>En 2012, le BRTC reconduit son challenge interne avec 3 cat\u00e9gories distinctes. Le challenge est limit\u00e9 \u00e0 6\u00a0s\u00e9ries, ouvertes dans<\/p>\n","protected":false},"author":1,"featured_media":0,"parent":0,"menu_order":0,"comment_status":"open","ping_status":"closed","template":"","meta":{"ngg_post_thumbnail":0,"footnotes":""},"class_list":["post-79","page","type-page","status-publish","hentry"],"_links":{"self":[{"href":"https:\/\/sylvestre.net\/brtc\/index.php\/wp-json\/wp\/v2\/pages\/79","targetHints":{"allow":["GET"]}}],"collection":[{"href":"https:\/\/sylvestre.net\/brtc\/index.php\/wp-json\/wp\/v2\/pages"}],"about":[{"href":"https:\/\/sylvestre.net\/brtc\/index.php\/wp-json\/wp\/v2\/types\/page"}],"author":[{"embeddable":true,"href":"https:\/\/sylvestre.net\/brtc\/index.php\/wp-json\/wp\/v2\/users\/1"}],"replies":[{"embeddable":true,"href":"https:\/\/sylvestre.net\/brtc\/index.php\/wp-json\/wp\/v2\/comments?post=79"}],"version-history":[{"count":0,"href":"https:\/\/sylvestre.net\/brtc\/index.php\/wp-json\/wp\/v2\/pages\/79\/revisions"}],"wp:attachment":[{"href":"https:\/\/sylvestre.net\/brtc\/index.php\/wp-json\/wp\/v2\/media?parent=79"}],"curies":[{"name":"wp","href":"https:\/\/api.w.org\/{rel}","templated":true}]}}