{"id":711,"date":"2017-05-23T20:58:34","date_gmt":"2017-05-23T18:58:34","guid":{"rendered":"http:\/\/sylvestre.net\/brtc\/brtc\/?page_id=711"},"modified":"2017-05-23T21:00:36","modified_gmt":"2017-05-23T19:00:36","slug":"tfort-2017","status":"publish","type":"page","link":"https:\/\/sylvestre.net\/brtc\/index.php\/tfort-2017\/","title":{"rendered":"TFort 2017"},"content":{"rendered":"<h4>Inscriptions<\/h4>\n[vfb id=&#8217;5&#8242;]\n<h4>Liste des inscrits<\/h4>\n[vfb-display-entries id=5 fields=&#8221;Nom{{85}}, Pr\u00e9nom{{86}}, Email{{84}}, Licence{{98}}, Cat\u00e9gories{{87}}, Fr\u00e9quence{{91}}, Puce{{93}}, Fr\u00e9quence{{95}}, Puce{{96}}&#8221;]\n","protected":false},"excerpt":{"rendered":"<p>Inscriptions [vfb id=&#8217;5&#8242;] Liste des inscrits [vfb-display-entries id=5 fields=&#8221;Nom{{85}}, Pr\u00e9nom{{86}}, Email{{84}}, Licence{{98}}, Cat\u00e9gories{{87}}, Fr\u00e9quence{{91}}, Puce{{93}}, Fr\u00e9quence{{95}}, Puce{{96}}&#8221;]<\/p>\n","protected":false},"author":1,"featured_media":0,"parent":0,"menu_order":0,"comment_status":"closed","ping_status":"closed","template":"","meta":{"ngg_post_thumbnail":0,"footnotes":""},"class_list":["post-711","page","type-page","status-publish","hentry"],"_links":{"self":[{"href":"https:\/\/sylvestre.net\/brtc\/index.php\/wp-json\/wp\/v2\/pages\/711","targetHints":{"allow":["GET"]}}],"collection":[{"href":"https:\/\/sylvestre.net\/brtc\/index.php\/wp-json\/wp\/v2\/pages"}],"about":[{"href":"https:\/\/sylvestre.net\/brtc\/index.php\/wp-json\/wp\/v2\/types\/page"}],"author":[{"embeddable":true,"href":"https:\/\/sylvestre.net\/brtc\/index.php\/wp-json\/wp\/v2\/users\/1"}],"replies":[{"embeddable":true,"href":"https:\/\/sylvestre.net\/brtc\/index.php\/wp-json\/wp\/v2\/comments?post=711"}],"version-history":[{"count":0,"href":"https:\/\/sylvestre.net\/brtc\/index.php\/wp-json\/wp\/v2\/pages\/711\/revisions"}],"wp:attachment":[{"href":"https:\/\/sylvestre.net\/brtc\/index.php\/wp-json\/wp\/v2\/media?parent=711"}],"curies":[{"name":"wp","href":"https:\/\/api.w.org\/{rel}","templated":true}]}}