{"id":698,"date":"2017-04-04T17:31:24","date_gmt":"2017-04-04T15:31:24","guid":{"rendered":"http:\/\/sylvestre.net\/brtc\/brtc\/?page_id=698"},"modified":"2021-09-26T19:46:52","modified_gmt":"2021-09-26T17:46:52","slug":"challenge-2017","status":"publish","type":"page","link":"https:\/\/sylvestre.net\/brtc\/index.php\/challenge-2017\/","title":{"rendered":"Challenge 2017"},"content":{"rendered":"<p>En 2017, le BRTC reconduit son challenge interne, voici les cat\u00e9gories propos\u00e9es (ouvertes pour un minimum de 5 inscrits).<\/p>\n<h3>Pro2<\/h3>\n<p>Ouverte aux v\u00e9hicules respectant le r\u00e8glement de la Belgian SCT Cup, consultable <a href=\"http:\/\/belgiansctcup.be\/\" target=\"_blank\" rel=\"noopener\">ici<\/a>.<br \/>\nFormat: 4 qualifications de 6 minutes, 3 finales de 6 minutes.<\/p>\n<h3>Pro4<\/h3>\n<p>Ouverte aux v\u00e9hicules respectant le r\u00e8glement de la Belgian SCT Cup, consultable <a href=\"http:\/\/belgiansctcup.be\/\" target=\"_blank\" rel=\"noopener\">ici<\/a>.<br \/>\nFormat: 4 qualifications de 6 minutes, 3 finales de 6 minutes.<\/p>\n<h3>TT1\/8<\/h3>\n<p>Ouverte \u00e0 tous les v\u00e9hicules TT 1\/8.<br \/>\nFormat thermique: 3 qualifications de 5 minutes, 2 finales de 15 minutes.<br \/>\nFormat \u00e9lectrique: 3 qualifications de 5 minutes, 3 finales de 10 minutes.<\/p>\n<h3>TT1\/10<\/h3>\n<p>Ouverte \u00e0 tous les v\u00e9hicules 1\/10 autres que SCT.<br \/>\nFormat: 4 qualifications de 6 minutes, 3 finales de 6 minutes.<\/p>\n<h3>Calendrier<\/h3>\n<p>Voici le calendrier initial du challenge, il peut changer en cours d&#8217;ann\u00e9e, merci de consulter les <a href=\"https:\/\/sylvestre.net\/brtc\/\" target=\"_blank\" rel=\"noopener\">news<\/a>.<br \/>\n<div class=\"tick\">\n<ul>\n<li>25\/06 Challenge 1<\/li>\n<li>16\/07 Challenge 2<\/li>\n<li>17\/09 Challenge 3<\/li>\n<\/ul>\n<\/div>\n<h3>Inscriptions<\/h3>\n<p align=\"center\"><strong>&gt;&gt; FORMULAIRE A REMPLIR &lt;&lt;<\/strong><\/p>\n[vfb id=&#8217;3&#8242;]\n<h4>Liste des inscrits<\/h4>\n[vfb-display-entries id=3 fields=&#8221;Nom{{45}}, Pr\u00e9nom{{46}}, Licence{{61}}, Cat\u00e9gories{{48}}, Fr\u00e9quence{{49}}, Puce{{51}}, Fr\u00e9quence{{54}}, Puce{{53}}, Fr\u00e9quence{{57}}, Puce{{58}}, Type{{59}}&#8221;]\n","protected":false},"excerpt":{"rendered":"<p>En 2017, le BRTC reconduit son challenge interne, voici les cat\u00e9gories propos\u00e9es (ouvertes pour un minimum de 5 inscrits). Pro2<\/p>\n","protected":false},"author":1,"featured_media":0,"parent":0,"menu_order":0,"comment_status":"closed","ping_status":"closed","template":"","meta":{"ngg_post_thumbnail":0,"footnotes":""},"class_list":["post-698","page","type-page","status-publish","hentry"],"_links":{"self":[{"href":"https:\/\/sylvestre.net\/brtc\/index.php\/wp-json\/wp\/v2\/pages\/698","targetHints":{"allow":["GET"]}}],"collection":[{"href":"https:\/\/sylvestre.net\/brtc\/index.php\/wp-json\/wp\/v2\/pages"}],"about":[{"href":"https:\/\/sylvestre.net\/brtc\/index.php\/wp-json\/wp\/v2\/types\/page"}],"author":[{"embeddable":true,"href":"https:\/\/sylvestre.net\/brtc\/index.php\/wp-json\/wp\/v2\/users\/1"}],"replies":[{"embeddable":true,"href":"https:\/\/sylvestre.net\/brtc\/index.php\/wp-json\/wp\/v2\/comments?post=698"}],"version-history":[{"count":0,"href":"https:\/\/sylvestre.net\/brtc\/index.php\/wp-json\/wp\/v2\/pages\/698\/revisions"}],"wp:attachment":[{"href":"https:\/\/sylvestre.net\/brtc\/index.php\/wp-json\/wp\/v2\/media?parent=698"}],"curies":[{"name":"wp","href":"https:\/\/api.w.org\/{rel}","templated":true}]}}