{"id":625,"date":"2016-04-26T18:34:20","date_gmt":"2016-04-26T16:34:20","guid":{"rendered":"http:\/\/sylvestre.net\/brtc\/brtc\/?page_id=625"},"modified":"2018-08-22T21:17:00","modified_gmt":"2018-08-22T19:17:00","slug":"challenge-2016","status":"publish","type":"page","link":"https:\/\/sylvestre.net\/brtc\/index.php\/challenge-2016\/","title":{"rendered":"Challenge 2016"},"content":{"rendered":"<p>Inscription pour notre amicale du 15 mai 2016<\/p>\n[vfb id=&#8217;3&#8242;]\n<h4>Liste des inscrits<\/h4>\n[vfb-display-entries id=3 fields=&#8221;Nom{{45}}, Pr\u00e9nom{{46}}, Licence{{61}}, Cat\u00e9gories{{48}}, Fr\u00e9quence{{49}}, Puce{{51}}, Fr\u00e9quence{{54}}, Puce{{53}}, Fr\u00e9quence{{57}}, Puce{{58}}, Type{{59}}&#8221;]\n","protected":false},"excerpt":{"rendered":"<p>Inscription pour notre amicale du 15 mai 2016 [vfb id=&#8217;3&#8242;] Liste des inscrits [vfb-display-entries id=3 fields=&#8221;Nom{{45}}, Pr\u00e9nom{{46}}, Licence{{61}}, Cat\u00e9gories{{48}}, Fr\u00e9quence{{49}},<\/p>\n","protected":false},"author":1,"featured_media":0,"parent":0,"menu_order":0,"comment_status":"closed","ping_status":"closed","template":"","meta":{"ngg_post_thumbnail":0,"footnotes":""},"class_list":["post-625","page","type-page","status-publish","hentry"],"_links":{"self":[{"href":"https:\/\/sylvestre.net\/brtc\/index.php\/wp-json\/wp\/v2\/pages\/625","targetHints":{"allow":["GET"]}}],"collection":[{"href":"https:\/\/sylvestre.net\/brtc\/index.php\/wp-json\/wp\/v2\/pages"}],"about":[{"href":"https:\/\/sylvestre.net\/brtc\/index.php\/wp-json\/wp\/v2\/types\/page"}],"author":[{"embeddable":true,"href":"https:\/\/sylvestre.net\/brtc\/index.php\/wp-json\/wp\/v2\/users\/1"}],"replies":[{"embeddable":true,"href":"https:\/\/sylvestre.net\/brtc\/index.php\/wp-json\/wp\/v2\/comments?post=625"}],"version-history":[{"count":0,"href":"https:\/\/sylvestre.net\/brtc\/index.php\/wp-json\/wp\/v2\/pages\/625\/revisions"}],"wp:attachment":[{"href":"https:\/\/sylvestre.net\/brtc\/index.php\/wp-json\/wp\/v2\/media?parent=625"}],"curies":[{"name":"wp","href":"https:\/\/api.w.org\/{rel}","templated":true}]}}