{"id":29,"date":"2013-01-01T12:00:29","date_gmt":"2013-01-01T11:00:29","guid":{"rendered":"http:\/\/sylvestre.net\/brtc\/brtc\/?page_id=29"},"modified":"2021-09-26T19:46:52","modified_gmt":"2021-09-26T17:46:52","slug":"challenge-2013","status":"publish","type":"page","link":"https:\/\/sylvestre.net\/brtc\/index.php\/challenge-2013\/","title":{"rendered":"Challenge 2013"},"content":{"rendered":"<p>En 2013, le BRTC reconduit son challenge interne avec 3 cat\u00e9gories distinctes.<\/p>\n<p>Le challenge est limit\u00e9 \u00e0 6&nbsp;s\u00e9ries, ouvertes dans l&#8217;ordre des inscriptions.<\/p>\n<h3>Open<\/h3>\n<p>Ouverte \u00e0 tous les v\u00e9hicules, 3 qualifications de 5 minutes et 3 finales de 15 minutes pour tout le monde.<\/p>\n<h3>SCT 2WD<\/h3>\n<p>Ouverte aux v\u00e9hicules respectant le r\u00e8glement de la Belgian SCT Cup, consultable <a href=\"http:\/\/belgiansctcup.be\/\" target=\"_blank\" rel=\"noopener\">ici<\/a>.<\/p>\n<h3>SCT 4WD<\/h3>\n<p>Ouverte aux v\u00e9hicules respectant le r\u00e8glement de la Belgian SCT Cup, consultable <a href=\"http:\/\/belgiansctcup.be\/\" target=\"_blank\" rel=\"noopener\">ici<\/a>.<\/p>\n<h3>Calendrier<\/h3>\n<p>Voici le calendrier initial du challenge, il peut changer en cours d&#8217;ann\u00e9e, merci de consulter celui sur la page d&#8217;acceuil.<br \/>\n<div class=\"tick\">\n<ul>\n<li>14\/04 Challenge 1<\/li>\n<li>26\/05 Challenge 2<\/li>\n<li>22\/09 Challenge 3<\/li>\n<\/ul>\n<\/div>\n<h3>Inscriptions<\/h3>\n<p align=\"center\"><strong>&gt;&gt; FORMULAIRE A REMPLIR &lt;&lt;<\/strong><\/p>\n<form action=\"https:\/\/www.paypal.com\/cgi-bin\/webscr\" method=\"post\" target=\"_top\">\n<input type=\"hidden\" name=\"cmd\" value=\"_s-xclick\"><br \/>\n<input type=\"hidden\" name=\"hosted_button_id\" value=\"JTM36KZ9AKXFE\"><br \/>\nUne fois votre nom dans la liste, vous pouvez proc\u00e9der au paiement via PayPal, en choisissant le nombre de cat\u00e9gories ad\u00e9quat.<br \/>\n<input type=\"hidden\" name=\"on0\" value=\"Cat\u00e9gories?\"><br \/>\n  <select name=\"os0\"><option value=\"1\">1 \u20ac12,00 EUR<\/option><option value=\"2\">2 \u20ac20,00 EUR<\/option><option value=\"3\">3 \u20ac26,00 EUR<\/option><\/select><br \/>\n<input type=\"hidden\" name=\"currency_code\" value=\"EUR\"><br \/>\n<input type=\"image\" src=\"https:\/\/www.paypalobjects.com\/fr_FR\/BE\/i\/btn\/btn_paynow_LG.gif\" border=\"0\" name=\"submit\" alt=\"PayPal - la solution de paiement en ligne la plus simple et la plus s\u00e9curis\u00e9e !\"><br \/>\n<img loading=\"lazy\" decoding=\"async\" alt=\"\" border=\"0\" src=\"https:\/\/www.paypalobjects.com\/en_US\/i\/scr\/pixel.gif\" width=\"1\" height=\"1\"><br \/>\n<\/form>\n<h3>Aper\u00e7u des inscriptions<\/h3>\n<h4>Open<\/h4>\n<p><iframe loading=\"lazy\" src=\"https:\/\/skydrive.live.com\/embed?cid=6E240D4B37DA57B9&amp;resid=6E240D4B37DA57B9%216895&amp;authkey=AC5TGtBpt9uhrIc&amp;em=2&amp;Item=PivotOpen&amp;wdHideGridlines=True\" height=\"400\" width=\"550\" frameborder=\"0\" scrolling=\"no\"><\/iframe><\/p>\n<h4>SC2WD<\/h4>\n<p><iframe loading=\"lazy\" src=\"https:\/\/skydrive.live.com\/embed?cid=6E240D4B37DA57B9&amp;resid=6E240D4B37DA57B9%216895&amp;authkey=AC5TGtBpt9uhrIc&amp;em=2&amp;Item=PivotSC2WD&amp;wdHideGridlines=True\" height=\"400\" width=\"550\" frameborder=\"0\" scrolling=\"no\"><\/iframe><\/p>\n<h4>SC4WD<\/h4>\n<p><iframe loading=\"lazy\" src=\"https:\/\/skydrive.live.com\/embed?cid=6E240D4B37DA57B9&amp;resid=6E240D4B37DA57B9%216895&amp;authkey=AC5TGtBpt9uhrIc&amp;em=2&amp;Item=PivotSC4WD&amp;wdHideGridlines=True\" height=\"400\" width=\"550\" frameborder=\"0\" scrolling=\"no\"><\/iframe><\/p>\n","protected":false},"excerpt":{"rendered":"<p>En 2013, le BRTC reconduit son challenge interne avec 3 cat\u00e9gories distinctes. Le challenge est limit\u00e9 \u00e0 6&nbsp;s\u00e9ries, ouvertes dans<\/p>\n","protected":false},"author":1,"featured_media":0,"parent":0,"menu_order":0,"comment_status":"open","ping_status":"closed","template":"","meta":{"ngg_post_thumbnail":0,"footnotes":""},"class_list":["post-29","page","type-page","status-publish","hentry"],"_links":{"self":[{"href":"https:\/\/sylvestre.net\/brtc\/index.php\/wp-json\/wp\/v2\/pages\/29","targetHints":{"allow":["GET"]}}],"collection":[{"href":"https:\/\/sylvestre.net\/brtc\/index.php\/wp-json\/wp\/v2\/pages"}],"about":[{"href":"https:\/\/sylvestre.net\/brtc\/index.php\/wp-json\/wp\/v2\/types\/page"}],"author":[{"embeddable":true,"href":"https:\/\/sylvestre.net\/brtc\/index.php\/wp-json\/wp\/v2\/users\/1"}],"replies":[{"embeddable":true,"href":"https:\/\/sylvestre.net\/brtc\/index.php\/wp-json\/wp\/v2\/comments?post=29"}],"version-history":[{"count":0,"href":"https:\/\/sylvestre.net\/brtc\/index.php\/wp-json\/wp\/v2\/pages\/29\/revisions"}],"wp:attachment":[{"href":"https:\/\/sylvestre.net\/brtc\/index.php\/wp-json\/wp\/v2\/media?parent=29"}],"curies":[{"name":"wp","href":"https:\/\/api.w.org\/{rel}","templated":true}]}}