{"id":210,"date":"2014-03-19T09:10:50","date_gmt":"2014-03-19T08:10:50","guid":{"rendered":"http:\/\/sylvestre.net\/brtc\/brtc\/?page_id=210"},"modified":"2017-10-27T12:19:29","modified_gmt":"2017-10-27T10:19:29","slug":"inscription","status":"publish","type":"page","link":"https:\/\/sylvestre.net\/brtc\/index.php\/inscription\/","title":{"rendered":"Inscription"},"content":{"rendered":"<p>Pour vous inscrire, rien de plus simple, remplissez le formulaire ci-dessous.<\/p>\n<p>Le montant de la cotisation inclus:<\/p>\n<div class=\"tick\">\n<ul>\n<li>L\u2019utilisation de la piste du BRTC aux jours d\u2019ouvertures (soit les Mercredi, Samedi et Dimanche);<\/li>\n<li>Une licence FBA qui vous permet d\u2019\u00eatre assur\u00e9<\/li>\n<\/ul>\n<\/div>\n<p>Les inscriptions sont valables du 1er f\u00e9vrier au 31 janvier de l&#8217;ann\u00e9e suivante. A partir du 1er juillet, le prix annuel est diminu\u00e9 de 25% (hors licence).<\/p>\n<p>Toute personne ayant rempli ce formulaire et s\u2019\u00e9tant acquitt\u00e9e de la cotisation annuelle, d\u00e9clare avoir pris connaissance du <a title=\"R\u00e8glement d\u2019ordre int\u00e9rieur\" href=\"https:\/\/sylvestre.net\/brtc\/index.php\/reglement\/\">r\u00e8glement d\u2019ordre int\u00e9rieur du club<\/a> et accepte les termes de ceux-ci sans aucune restriction.<\/p>\n<p>Pour plus d&#8217;informations sur les licences, <a href=\"http:\/\/fba-rc.be\/Racing-Membership.aspx\" target=\"_blank\"> consultez le site de la FBA<\/a>.<\/p>\n[vfb id=&#8217;1&#8242;]\n","protected":false},"excerpt":{"rendered":"<p>Pour vous inscrire, rien de plus simple, remplissez le formulaire ci-dessous. Le montant de la cotisation inclus: Les inscriptions sont<\/p>\n","protected":false},"author":1,"featured_media":0,"parent":0,"menu_order":0,"comment_status":"open","ping_status":"open","template":"","meta":{"ngg_post_thumbnail":0,"footnotes":""},"class_list":["post-210","page","type-page","status-publish","hentry"],"_links":{"self":[{"href":"https:\/\/sylvestre.net\/brtc\/index.php\/wp-json\/wp\/v2\/pages\/210","targetHints":{"allow":["GET"]}}],"collection":[{"href":"https:\/\/sylvestre.net\/brtc\/index.php\/wp-json\/wp\/v2\/pages"}],"about":[{"href":"https:\/\/sylvestre.net\/brtc\/index.php\/wp-json\/wp\/v2\/types\/page"}],"author":[{"embeddable":true,"href":"https:\/\/sylvestre.net\/brtc\/index.php\/wp-json\/wp\/v2\/users\/1"}],"replies":[{"embeddable":true,"href":"https:\/\/sylvestre.net\/brtc\/index.php\/wp-json\/wp\/v2\/comments?post=210"}],"version-history":[{"count":0,"href":"https:\/\/sylvestre.net\/brtc\/index.php\/wp-json\/wp\/v2\/pages\/210\/revisions"}],"wp:attachment":[{"href":"https:\/\/sylvestre.net\/brtc\/index.php\/wp-json\/wp\/v2\/media?parent=210"}],"curies":[{"name":"wp","href":"https:\/\/api.w.org\/{rel}","templated":true}]}}