{"id":21,"date":"2013-05-25T13:42:36","date_gmt":"2013-05-25T11:42:36","guid":{"rendered":"http:\/\/sylvestre.net\/brtc\/brtc\/?page_id=21"},"modified":"2014-05-03T10:39:11","modified_gmt":"2014-05-03T08:39:11","slug":"reglement","status":"publish","type":"page","link":"https:\/\/sylvestre.net\/brtc\/index.php\/reglement\/","title":{"rendered":"R\u00e8glement d&#8217;ordre int\u00e9rieur"},"content":{"rendered":"<ol>\n<li>Toute personne s\u2019acquittant de la cotisation qui lui incombe et sans objection du comit\u00e9 devient membre adh\u00e9rent. Le paiement de la cotisation fait acte de signature et marque l\u2019accord sans aucune restriction aux statuts &amp; R\u00e8glement d\u2019Ordre Int\u00e9rieur du BRTC.<\/li>\n<li>Le montant de la cotisation annuelle est d\u00e9termin\u00e9 par le Comit\u00e9 en fonction des travaux pr\u00e9vus et des frais de fonctionnement du club.<\/li>\n<li>Le r\u00e8glement d\u2019ordre int\u00e9rieur peut-\u00eatre modifi\u00e9 en cours de saison par le Comit\u00e9.<\/li>\n<li>La souscription \u00e0 une licence de la f\u00e9d\u00e9ration est obligatoire. La licence fait \u00e9galement fonction de carte de membre.<\/li>\n<li>L&#8217;utilisation des infrastructures du BRTC\n<ol>\n<li>est permise uniquement dans les p\u00e9riodes d\u2019ouverture du circuit: le mercredi de 10h \u00e0 18h, samedi de 10h \u00e0 18h et le dimanche de 9h30 \u00e0 18h;<\/li>\n<li>est limit\u00e9e aux membres \u00e0 jour de leur cotisation annuelle ou aux personnes ayant acquitt\u00e9 un droit d\u2019entr\u00e9e &#8220;\u00e0 la s\u00e9ance&#8221;;<\/li>\n<li>est limit\u00e9e aux \u00e9chelles 1\/10 et 1\/8, \u00e9lectrique ou thermique, short course, buggy, monster truck et truggy;<\/li>\n<li>est limit\u00e9e lors d&#8217;une course organis\u00e9e au club aux seuls les pilotes inscrits \u00e0 cette course;<\/li>\n<li>peut \u00eatre restreinte momentan\u00e9ment pour leur entretien;<\/li>\n<li>est limit\u00e9e en cas d&#8217;\u00e9tat humide ou boueux du circuit, par respect pour les b\u00e9n\u00e9voles qui les entretiennent;<\/li>\n<li>doit se faire \u00ab\u00a0en bon p\u00e8re de famille \u00bb, sans porter pr\u00e9judice au club ou \u00e0 un autre membre.<\/li>\n<\/ol>\n<\/li>\n<li>Chaque membre a le droit de v\u00e9rifier l\u2019affiliation de toute personne utilisant les infrastructures du BRTC. Cette v\u00e9rification se fait via la licence que tout membre doit avoir sur lui lors de l\u2019utilisation des infrastructures du BRTC. Les personnes ayant souscrit un droit d&#8217;entr\u00e9e &#8220;\u00e0 la s\u00e9ance&#8221; doivent \u00eatre en possession du mail de confirmation et de la preuve de paiement. En cas d&#8217;infraction constat\u00e9e, le membre pr\u00e9viendra le comit\u00e9.<\/li>\n<li>Chaque membre est dans l\u2019obligation en arrivant au terrain de v\u00e9rifier que la fr\u00e9quence qu\u2019il compte utiliser est libre soit en questionnant les membres pr\u00e9sents. Le non-respect de cette r\u00e8gle sera directement sanctionn\u00e9.<\/li>\n<li>Restrictions d&#8217;acc\u00e8s:\n<ol>\n<li>La piste et le podium sont accessibles aux pilotes et aux m\u00e9caniciens exclusivement;<\/li>\n<li>La piste et le podium sont strictement interdit aux accompagnateurs et aux visiteurs;<\/li>\n<li>La piste est strictement interdite aux animaux, ces derniers doivent \u00eatre tenus en laisse.<\/li>\n<\/ol>\n<\/li>\n<li>S\u00e9curit\u00e9:\n<ol>\n<li>Les membres \u00e2g\u00e9s de moins de 18 ans doivent \u00eatre\u00a0imp\u00e9rativement accompagn\u00e9s\u00a0et \u00eatre sous la surveillance d\u2019un parent lors de leur pr\u00e9sence au club;<\/li>\n<li>Chaque membre est enti\u00e8rement responsable des personnes qui l&#8217;accompagnent. Seuls les membres sont couverts par les assurances lors de l&#8217;organisation de nos courses. A ce titre, nous demandons aux membres d&#8217;\u00eatre en ordre au niveau de leur assurance car c&#8217;est elle qui couvrira les personnes qui les accompagne (enfants, \u00e9pouse, etc&#8230;). En dehors des courses c\u2019est votre assurance RC familiale (obligatoire) qui doit prendre en charge les d\u00e9g\u00e2ts mat\u00e9riels et blessures inflig\u00e9es \u00e0 des tiers;<\/li>\n<li>Les v\u00e9hicules ne doivent pas comporter d\u2019arr\u00eates saillantes ou tranchantes pouvant entra\u00eener des blessures;<\/li>\n<li>Les v\u00e9hicules ne peuvent rouler en dehors de la piste; le pilote est enti\u00e8rement responsable des accidents qu\u2019il risque de provoquer en cas de non-respect;<\/li>\n<li>Les r\u00e9parations du v\u00e9hicule sont interdites sur la piste et ses abords, elles se font dans les stands.<\/li>\n<\/ol>\n<\/li>\n<li>Comportements des membres:\n<ol>\n<li>Les membres se doivent de garantir la propret\u00e9 des infrastructures;<\/li>\n<li>Les emplacements utilis\u00e9s par les pilotes devront \u00eatre rendus propres;<\/li>\n<li>Les membres sont les repr\u00e9sentants du club et se doivent de montrer une image positive de ce dernier et du mod\u00e9lisme en g\u00e9n\u00e9ral;<\/li>\n<li>Chaque fois qu\u2019il en a la possibilit\u00e9, chaque membre a le devoir d\u2019apporter, dans la mesure de ses moyens, sa contribution aux activit\u00e9s du club.<\/li>\n<\/ol>\n<\/li>\n<li>Les utilisateurs devront se respecter les uns les autres : tourner dans le m\u00eame sens, \u00e9viter les contacts physiques entre les voitures.<\/li>\n<li>La convivialit\u00e9 et le fair-play seront demand\u00e9s aux utilisateurs sur la piste.<\/li>\n<li type=\"_moz\">Tout comportement jug\u00e9 irresponsable ou toute d\u00e9gradation volontaire sera sanctionn\u00e9 par l\u2019exclusion imm\u00e9diate.<\/li>\n<\/ol>\n","protected":false},"excerpt":{"rendered":"<p>Toute personne s\u2019acquittant de la cotisation qui lui incombe et sans objection du comit\u00e9 devient membre adh\u00e9rent. Le paiement de<\/p>\n","protected":false},"author":1,"featured_media":0,"parent":0,"menu_order":0,"comment_status":"open","ping_status":"open","template":"","meta":{"ngg_post_thumbnail":0,"footnotes":""},"class_list":["post-21","page","type-page","status-publish","hentry"],"_links":{"self":[{"href":"https:\/\/sylvestre.net\/brtc\/index.php\/wp-json\/wp\/v2\/pages\/21","targetHints":{"allow":["GET"]}}],"collection":[{"href":"https:\/\/sylvestre.net\/brtc\/index.php\/wp-json\/wp\/v2\/pages"}],"about":[{"href":"https:\/\/sylvestre.net\/brtc\/index.php\/wp-json\/wp\/v2\/types\/page"}],"author":[{"embeddable":true,"href":"https:\/\/sylvestre.net\/brtc\/index.php\/wp-json\/wp\/v2\/users\/1"}],"replies":[{"embeddable":true,"href":"https:\/\/sylvestre.net\/brtc\/index.php\/wp-json\/wp\/v2\/comments?post=21"}],"version-history":[{"count":0,"href":"https:\/\/sylvestre.net\/brtc\/index.php\/wp-json\/wp\/v2\/pages\/21\/revisions"}],"wp:attachment":[{"href":"https:\/\/sylvestre.net\/brtc\/index.php\/wp-json\/wp\/v2\/media?parent=21"}],"curies":[{"name":"wp","href":"https:\/\/api.w.org\/{rel}","templated":true}]}}